{"id":16,"date":"2025-09-16T00:03:01","date_gmt":"2025-09-16T00:03:01","guid":{"rendered":"https:\/\/associazioneplurale.it\/?page_id=16"},"modified":"2025-11-18T16:22:56","modified_gmt":"2025-11-18T16:22:56","slug":"inizio","status":"publish","type":"page","link":"https:\/\/associazioneplurale.it\/","title":{"rendered":"Home"},"content":{"rendered":"\t\t<div data-elementor-type=\"wp-page\" data-elementor-id=\"16\" class=\"elementor elementor-16\">\n\t\t\t\t<div class=\"elementor-element elementor-element-2b94b46 e-flex e-con-boxed e-con e-parent\" data-id=\"2b94b46\" data-element_type=\"container\">\n\t\t\t\t\t<div class=\"e-con-inner\">\n\t\t<div class=\"elementor-element elementor-element-ebc8865 e-con-full e-flex e-con e-child\" data-id=\"ebc8865\" data-element_type=\"container\">\n\t\t\t\t<div class=\"elementor-element elementor-element-eb037cc elementor-widget elementor-widget-image\" data-id=\"eb037cc\" data-element_type=\"widget\" data-widget_type=\"image.default\">\n\t\t\t\t\t\t\t\t\t\t\t\t\t\t\t<img decoding=\"async\" src=\"https:\/\/associazioneplurale.it\/wp-content\/uploads\/2025\/09\/Mesa-de-trabajo-1@2x.png\" title=\"Logo Associazione Plurale\" alt=\"Logo Associazione Plurale\" loading=\"lazy\" \/>\t\t\t\t\t\t\t\t\t\t\t\t\t\t\t<\/div>\n\t\t\t\t<\/div>\n\t\t<div class=\"elementor-element elementor-element-b0a214e e-con-full e-flex e-con e-child\" data-id=\"b0a214e\" data-element_type=\"container\">\n\t\t<div class=\"elementor-element elementor-element-34825ed e-con-full e-flex e-con e-child\" data-id=\"34825ed\" data-element_type=\"container\">\n\t\t\t\t<div class=\"elementor-element elementor-element-9dabf0c e-transform elementor-widget elementor-widget-heading\" data-id=\"9dabf0c\" data-element_type=\"widget\" data-settings=\"{&quot;_transform_scale_effect_hover&quot;:{&quot;unit&quot;:&quot;px&quot;,&quot;size&quot;:1.05,&quot;sizes&quot;:[]},&quot;_transform_scale_effect_hover_tablet&quot;:{&quot;unit&quot;:&quot;px&quot;,&quot;size&quot;:&quot;&quot;,&quot;sizes&quot;:[]},&quot;_transform_scale_effect_hover_mobile&quot;:{&quot;unit&quot;:&quot;px&quot;,&quot;size&quot;:&quot;&quot;,&quot;sizes&quot;:[]}}\" data-widget_type=\"heading.default\">\n\t\t\t\t\t<h2 class=\"elementor-heading-title elementor-size-default\"><a href=\"#opp\">Il plurale di opportunit\u00e0 \u00e8 opportunit\u00e0,\n<\/a><\/h2>\t\t\t\t<\/div>\n\t\t\t\t<div class=\"elementor-element elementor-element-bc76736 e-transform elementor-widget elementor-widget-heading\" data-id=\"bc76736\" data-element_type=\"widget\" data-settings=\"{&quot;_transform_scale_effect_hover&quot;:{&quot;unit&quot;:&quot;px&quot;,&quot;size&quot;:1.05,&quot;sizes&quot;:[]},&quot;_transform_scale_effect_hover_tablet&quot;:{&quot;unit&quot;:&quot;px&quot;,&quot;size&quot;:&quot;&quot;,&quot;sizes&quot;:[]},&quot;_transform_scale_effect_hover_mobile&quot;:{&quot;unit&quot;:&quot;px&quot;,&quot;size&quot;:&quot;&quot;,&quot;sizes&quot;:[]}}\" data-widget_type=\"heading.default\">\n\t\t\t\t\t<h2 class=\"elementor-heading-title elementor-size-default\"><a href=\"#com\">Il plurale di comunit\u00e0 \u00e8 comunit\u00e0,\n<\/a><\/h2>\t\t\t\t<\/div>\n\t\t\t\t<div class=\"elementor-element elementor-element-ea6fdcc e-transform elementor-widget elementor-widget-heading\" data-id=\"ea6fdcc\" data-element_type=\"widget\" data-settings=\"{&quot;_transform_scale_effect_hover&quot;:{&quot;unit&quot;:&quot;px&quot;,&quot;size&quot;:1.05,&quot;sizes&quot;:[]},&quot;_transform_scale_effect_hover_tablet&quot;:{&quot;unit&quot;:&quot;px&quot;,&quot;size&quot;:&quot;&quot;,&quot;sizes&quot;:[]},&quot;_transform_scale_effect_hover_mobile&quot;:{&quot;unit&quot;:&quot;px&quot;,&quot;size&quot;:&quot;&quot;,&quot;sizes&quot;:[]}}\" data-widget_type=\"heading.default\">\n\t\t\t\t\t<h2 class=\"elementor-heading-title elementor-size-default\"><a href=\"#lib\">Il plurale di libert\u00e0 \u00e8 libert\u00e0,<\/a><\/h2>\t\t\t\t<\/div>\n\t\t\t\t<div class=\"elementor-element elementor-element-50ed793 e-transform elementor-widget elementor-widget-heading\" data-id=\"50ed793\" data-element_type=\"widget\" data-settings=\"{&quot;_transform_scale_effect_hover&quot;:{&quot;unit&quot;:&quot;px&quot;,&quot;size&quot;:1.05,&quot;sizes&quot;:[]},&quot;_transform_scale_effect_hover_tablet&quot;:{&quot;unit&quot;:&quot;px&quot;,&quot;size&quot;:&quot;&quot;,&quot;sizes&quot;:[]},&quot;_transform_scale_effect_hover_mobile&quot;:{&quot;unit&quot;:&quot;px&quot;,&quot;size&quot;:&quot;&quot;,&quot;sizes&quot;:[]}}\" data-widget_type=\"heading.default\">\n\t\t\t\t\t<h2 class=\"elementor-heading-title elementor-size-default\"><a href=\"#fel\">Il plurale di felicit\u00e0 \u00e8 felicit\u00e0.<\/a><\/h2>\t\t\t\t<\/div>\n\t\t\t\t<\/div>\n\t\t<div class=\"elementor-element elementor-element-8725ac0 e-con-full e-flex e-con e-child\" data-id=\"8725ac0\" data-element_type=\"container\">\n\t\t\t\t<div class=\"elementor-element elementor-element-10785e4 elementor-widget elementor-widget-text-editor\" data-id=\"10785e4\" data-element_type=\"widget\" data-widget_type=\"text-editor.default\">\n\t\t\t\t\t\t\t\t\t<p>Sono \u201c<span style=\"color: #ff9900;\"><strong><em>parole invariabili<\/em><\/strong><\/span>\u201d che non possono esistere soltanto al singolare:<br \/>il loro significato va esteso a tutte e a tutti, forse, cos\u00ec, <span style=\"color: #ff9900;\"><strong><i>qualcosa <\/i><em>varier\u00e0<\/em><\/strong><\/span>.<\/p>\t\t\t\t\t\t\t\t<\/div>\n\t\t\t\t<\/div>\n\t\t\t\t<\/div>\n\t\t\t\t\t<\/div>\n\t\t\t\t<\/div>\n\t\t<div class=\"elementor-element elementor-element-bf28d47 e-flex e-con-boxed e-con e-parent\" data-id=\"bf28d47\" data-element_type=\"container\" id=\"opp\">\n\t\t\t\t\t<div class=\"e-con-inner\">\n\t\t\t\t<div class=\"elementor-element elementor-element-34af0ff elementor-widget elementor-widget-text-editor\" data-id=\"34af0ff\" data-element_type=\"widget\" data-widget_type=\"text-editor.default\">\n\t\t\t\t\t\t\t\t\t<h2><span style=\"color: #f39200;\"><em>Il plurale di opportunit\u00e0 <\/em><\/span>\u2013 PIL Perch\u00e9 Immigrazione e Lavoro<\/h2><p>L&#8217;associazione Plurale ha prodotto con il sostegno della Citt\u00e0 di Torino il documentario &#8220;PIL&#8221;, che racconta la forte contraddizione tra il contributo positivo dell&#8217;immigrazione in Italia e le condizioni di vita precarie degli immigrati, grazie al coinvolgimento di alcuni giovani di terza media con background migratorio della scuola &#8220;Aristide Gabelli&#8221; di Torino.<\/p>\t\t\t\t\t\t\t\t<\/div>\n\t\t\t\t<div class=\"elementor-element elementor-element-725268f elementor-widget__width-initial elementor-widget elementor-widget-video\" data-id=\"725268f\" data-element_type=\"widget\" data-settings=\"{&quot;youtube_url&quot;:&quot;https:\\\/\\\/www.youtube.com\\\/watch?v=PuXeiruFE50&amp;t=9s&quot;,&quot;video_type&quot;:&quot;youtube&quot;,&quot;controls&quot;:&quot;yes&quot;}\" data-widget_type=\"video.default\">\n\t\t\t\t\t\t\t<div class=\"elementor-wrapper elementor-open-inline\">\n\t\t\t<div class=\"elementor-video\"><\/div>\t\t<\/div>\n\t\t\t\t\t\t<\/div>\n\t\t\t\t\t<\/div>\n\t\t\t\t<\/div>\n\t\t<div class=\"elementor-element elementor-element-24c07d2 e-flex e-con-boxed e-con e-parent\" data-id=\"24c07d2\" data-element_type=\"container\">\n\t\t\t\t\t<div class=\"e-con-inner\">\n\t\t\t\t<div class=\"elementor-element elementor-element-2e09e66 elementor-widget elementor-widget-text-editor\" data-id=\"2e09e66\" data-element_type=\"widget\" id=\"com\" data-widget_type=\"text-editor.default\">\n\t\t\t\t\t\t\t\t\t<h2><span style=\"color: #f39200;\"><em>Il plurale di comunit\u00e0<\/em><\/span> \u2013 Le Mille Notti<\/h2><p>L&#8217;associazione Plurale ha promosso la distribuzione del documentario Le Mille Notti, prodotto nell&#8217;ambito del progetto europeo Tonite, organizzando diverse proiezioni (Le Mille Proiezioni) in Italia, per sensibilizzare sui diritti delle nuove generazioni di italiani.<\/p>\t\t\t\t\t\t\t\t<\/div>\n\t\t\t\t<div class=\"elementor-element elementor-element-80be022 elementor-widget__width-initial elementor-widget elementor-widget-image\" data-id=\"80be022\" data-element_type=\"widget\" data-widget_type=\"image.default\">\n\t\t\t\t\t\t\t\t\t\t\t\t\t\t\t\t<a href=\"https:\/\/www.torinotoday.it\/video\/le-mille-notti-stefano-di-polito-intervista.html\">\n\t\t\t\t\t\t\t<img fetchpriority=\"high\" decoding=\"async\" width=\"1920\" height=\"1080\" src=\"https:\/\/associazioneplurale.it\/wp-content\/uploads\/2025\/09\/Le-Mille-Notti-cartel.jpg\" class=\"attachment-full size-full wp-image-77\" alt=\"\" srcset=\"https:\/\/associazioneplurale.it\/wp-content\/uploads\/2025\/09\/Le-Mille-Notti-cartel.jpg 1920w, https:\/\/associazioneplurale.it\/wp-content\/uploads\/2025\/09\/Le-Mille-Notti-cartel-300x169.jpg 300w, https:\/\/associazioneplurale.it\/wp-content\/uploads\/2025\/09\/Le-Mille-Notti-cartel-1024x576.jpg 1024w, https:\/\/associazioneplurale.it\/wp-content\/uploads\/2025\/09\/Le-Mille-Notti-cartel-768x432.jpg 768w, https:\/\/associazioneplurale.it\/wp-content\/uploads\/2025\/09\/Le-Mille-Notti-cartel-1536x864.jpg 1536w\" sizes=\"(max-width: 1920px) 100vw, 1920px\" \/>\t\t\t\t\t\t\t\t<\/a>\n\t\t\t\t\t\t\t\t\t\t\t\t\t\t\t<\/div>\n\t\t\t\t\t<\/div>\n\t\t\t\t<\/div>\n\t\t<div class=\"elementor-element elementor-element-3d1293e e-flex e-con-boxed e-con e-parent\" data-id=\"3d1293e\" data-element_type=\"container\">\n\t\t\t\t\t<div class=\"e-con-inner\">\n\t\t\t\t<div class=\"elementor-element elementor-element-9134996 elementor-widget elementor-widget-text-editor\" data-id=\"9134996\" data-element_type=\"widget\" id=\"lib\" data-widget_type=\"text-editor.default\">\n\t\t\t\t\t\t\t\t\t<h2><span style=\"color: #ff9900;\"><em>Il plurale di libert\u00e0 <\/em><\/span>&#8211; Itinerari digitali sulla Resistenza<\/h2><p>L&#8217;associazione Plurale ha realizzato 20 video per conoscere i luoghi, le vicende e i personaggi della Resistenza a Torino con il sostegno del Comitato Libert\u00e0 e Costituzione del Consiglio Regionale del Piemonte.<\/p>\t\t\t\t\t\t\t\t<\/div>\n\t\t\t\t<div class=\"elementor-element elementor-element-8b6dfa4 elementor-widget__width-initial elementor-widget elementor-widget-video\" data-id=\"8b6dfa4\" data-element_type=\"widget\" data-settings=\"{&quot;youtube_url&quot;:&quot;https:\\\/\\\/www.youtube.com\\\/watch?v=es4bNrBX5MA&quot;,&quot;video_type&quot;:&quot;youtube&quot;,&quot;controls&quot;:&quot;yes&quot;}\" data-widget_type=\"video.default\">\n\t\t\t\t\t\t\t<div class=\"elementor-wrapper elementor-open-inline\">\n\t\t\t<div class=\"elementor-video\"><\/div>\t\t<\/div>\n\t\t\t\t\t\t<\/div>\n\t\t\t\t\t<\/div>\n\t\t\t\t<\/div>\n\t\t<div class=\"elementor-element elementor-element-cb34b2a e-flex e-con-boxed e-con e-parent\" data-id=\"cb34b2a\" data-element_type=\"container\">\n\t\t\t\t\t<div class=\"e-con-inner\">\n\t\t\t\t<div class=\"elementor-element elementor-element-5340d69 elementor-widget elementor-widget-text-editor\" data-id=\"5340d69\" data-element_type=\"widget\" id=\"fel\" data-widget_type=\"text-editor.default\">\n\t\t\t\t\t\t\t\t\t<h2><span style=\"color: #ff9900;\"><em>Il plurale di felicit\u00e0<\/em> <\/span>\u2013 Felicit\u00e0 Civica<\/h2>\n<p>Il presidente dell&#8217;associazione Plurale Stefano Di Polito \u00e8 uno degli ideatori del progetto Felicit\u00e0 Civica, sostenuto dalla Compagnia di San Paolo, nato per comprendere quali sfide sociali garantiscono la felicit\u00e0 dei cittadini. Ha, inoltre, diretto il video HAPPENS, in cui alcuni cittadini torinesi rispondono al questionario sulla felicit\u00e0 e rivelano quali sono le condizione che la fanno accadere (happen).<\/p>\t\t\t\t\t\t\t\t<\/div>\n\t\t\t\t<div class=\"elementor-element elementor-element-8d81222 elementor-widget__width-initial elementor-widget elementor-widget-video\" data-id=\"8d81222\" data-element_type=\"widget\" data-settings=\"{&quot;video_type&quot;:&quot;vimeo&quot;}\" data-widget_type=\"video.default\">\n\t\t\t\t\t\t\t<div class=\"elementor-wrapper elementor-open-inline\">\n\t\t\t<iframe class=\"elementor-video-iframe\" allowfullscreen allow=\"clipboard-write\" title=\"vimeo Video Player\" src=\"https:\/\/player.vimeo.com\/video\/809037077?color&amp;autopause=0&amp;loop=0&amp;muted=0&amp;title=1&amp;portrait=1&amp;byline=1#t=\"><\/iframe>\t\t<\/div>\n\t\t\t\t\t\t<\/div>\n\t\t\t\t\t<\/div>\n\t\t\t\t<\/div>\n\t\t<div class=\"elementor-element elementor-element-07854cc e-flex e-con-boxed e-con e-parent\" data-id=\"07854cc\" data-element_type=\"container\">\n\t\t\t\t\t<div class=\"e-con-inner\">\n\t\t\t\t<div class=\"elementor-element elementor-element-c850a17 elementor-widget elementor-widget-heading\" data-id=\"c850a17\" data-element_type=\"widget\" data-widget_type=\"heading.default\">\n\t\t\t\t\t<h2 class=\"elementor-heading-title elementor-size-default\">L\u2019associazione Plurale crede in un futuro che possa garantire la Sostenibilit\u00e0 ambientale e sociale del pianeta.<\/h2>\t\t\t\t<\/div>\n\t\t\t\t\t<\/div>\n\t\t\t\t<\/div>\n\t\t\t\t<\/div>\n\t\t","protected":false},"excerpt":{"rendered":"<p>Il plurale di opportunit\u00e0 \u00e8 opportunit\u00e0, Il plurale di comunit\u00e0 \u00e8 comunit\u00e0, Il plurale di libert\u00e0 \u00e8 libert\u00e0, Il plurale di felicit\u00e0 \u00e8 felicit\u00e0. Sono \u201cparole invariabili\u201d che non possono esistere soltanto al singolare:il loro significato va esteso a tutte e a tutti, forse, cos\u00ec, qualcosa varier\u00e0. Il plurale di opportunit\u00e0 \u2013 PIL Perch\u00e9 Immigrazione [&hellip;]<\/p>\n","protected":false},"author":1,"featured_media":0,"parent":0,"menu_order":0,"comment_status":"closed","ping_status":"closed","template":"","meta":{"footnotes":""},"class_list":["post-16","page","type-page","status-publish","hentry"],"_links":{"self":[{"href":"https:\/\/associazioneplurale.it\/index.php\/wp-json\/wp\/v2\/pages\/16","targetHints":{"allow":["GET"]}}],"collection":[{"href":"https:\/\/associazioneplurale.it\/index.php\/wp-json\/wp\/v2\/pages"}],"about":[{"href":"https:\/\/associazioneplurale.it\/index.php\/wp-json\/wp\/v2\/types\/page"}],"author":[{"embeddable":true,"href":"https:\/\/associazioneplurale.it\/index.php\/wp-json\/wp\/v2\/users\/1"}],"replies":[{"embeddable":true,"href":"https:\/\/associazioneplurale.it\/index.php\/wp-json\/wp\/v2\/comments?post=16"}],"version-history":[{"count":93,"href":"https:\/\/associazioneplurale.it\/index.php\/wp-json\/wp\/v2\/pages\/16\/revisions"}],"predecessor-version":[{"id":212,"href":"https:\/\/associazioneplurale.it\/index.php\/wp-json\/wp\/v2\/pages\/16\/revisions\/212"}],"wp:attachment":[{"href":"https:\/\/associazioneplurale.it\/index.php\/wp-json\/wp\/v2\/media?parent=16"}],"curies":[{"name":"wp","href":"https:\/\/api.w.org\/{rel}","templated":true}]}}