{"id":122,"date":"2025-09-16T01:45:17","date_gmt":"2025-09-16T01:45:17","guid":{"rendered":"https:\/\/associazioneplurale.it\/?page_id=122"},"modified":"2025-09-23T14:46:21","modified_gmt":"2025-09-23T14:46:21","slug":"cosa-facciamo","status":"publish","type":"page","link":"https:\/\/associazioneplurale.it\/index.php\/cosa-facciamo\/","title":{"rendered":"Cosa facciamo"},"content":{"rendered":"\t\t<div data-elementor-type=\"wp-page\" data-elementor-id=\"122\" class=\"elementor elementor-122\">\n\t\t\t\t<div class=\"elementor-element elementor-element-685ce14 e-flex e-con-boxed e-con e-parent\" data-id=\"685ce14\" data-element_type=\"container\">\n\t\t\t\t\t<div class=\"e-con-inner\">\n\t\t\t\t<div class=\"elementor-element elementor-element-6edaf79 elementor-widget elementor-widget-heading\" data-id=\"6edaf79\" data-element_type=\"widget\" data-widget_type=\"heading.default\">\n\t\t\t\t\t<h2 class=\"elementor-heading-title elementor-size-default\">Cosa facciamo<\/h2>\t\t\t\t<\/div>\n\t\t\t\t<div class=\"elementor-element elementor-element-080fa65 elementor-widget elementor-widget-text-editor\" data-id=\"080fa65\" data-element_type=\"widget\" data-widget_type=\"text-editor.default\">\n\t\t\t\t\t\t\t\t\t<p>L&#8217;associazione Plurale realizza e promuove progetti che contrastano le diseguaglianze sociali attraverso il protagonismo e la partecipazione attiva delle fasce pi\u00f9 deboli della cittadinanza.<\/p><p>In particolare si occupa delle <strong><span style=\"color: #ff9900;\">attivit\u00e0 di storytelling<\/span><\/strong> per promuovere e <strong><span style=\"color: #ff9900;\">narrare i cambiamenti sociali<\/span><\/strong> e affermare <strong><span style=\"color: #ff9900;\">nuovi modelli di sviluppo<\/span><\/strong>.<\/p><p>Le <strong><span style=\"color: #ff9900;\">parole guida<\/span><\/strong> <span style=\"color: #ff9900;\"><strong>dell&#8217;associazione<\/strong><\/span> sono rappresentate da<span style=\"color: #000000;\"> parole \u201cinvariabili\u201d che non possono esistere solo al singolare.<\/span><\/p><p><span style=\"color: #ff9900;\"><strong>Opportunit\u00e0, Comunit\u00e0, Libert\u00e0 e Felicit\u00e0.<\/strong><\/span><\/p><p>Inoltre l&#8217;associazione crede in un futuro che possa garantire la <span style=\"color: #ff9900;\"><strong>Sostenibilit\u00e0<\/strong><\/span> ambientale e sociale del pianeta.<\/p><p><strong><span style=\"color: #ff9900;\">L&#8217;associazione \u00e8 plurale<\/span><\/strong><span style=\"color: #ff9900;\">, <span style=\"color: #000000;\">pertanto, \u00e8 aperta a tutte e a tutti e vuole esprimere tale approccio in ogni attivit\u00e0 che svolge, credendo nella<\/span><\/span><strong><span style=\"color: #ff9900;\"> cooperazione <\/span><\/strong><span style=\"color: #ff9900;\"><span style=\"color: #000000;\">e nella<\/span><\/span><strong><span style=\"color: #ff9900;\"> costruzione di reti<\/span><\/strong><span style=\"color: #ff9900;\"><span style=\"color: #000000;\">, nella<\/span><\/span><strong><span style=\"color: #ff9900;\"> partecipazione attiva <\/span><\/strong><span style=\"color: #000000;\">e nel<\/span><strong><span style=\"color: #ff9900;\"> coinvolgimento diretto della fasce pi\u00f9 deboli della popolazione<\/span><\/strong><span style=\"color: #ff9900;\"><span style=\"color: #000000;\">, come leva per raggiungere il cambiamento sociale di cui abbiamo urgentemente bisogno<\/span><\/span><span style=\"color: #000000;\">.<\/span><\/p>\t\t\t\t\t\t\t\t<\/div>\n\t\t\t\t\t<\/div>\n\t\t\t\t<\/div>\n\t\t\t\t<\/div>\n\t\t","protected":false},"excerpt":{"rendered":"<p>Cosa facciamo L&#8217;associazione Plurale realizza e promuove progetti che contrastano le diseguaglianze sociali attraverso il protagonismo e la partecipazione attiva delle fasce pi\u00f9 deboli della cittadinanza. In particolare si occupa delle attivit\u00e0 di storytelling per promuovere e narrare i cambiamenti sociali e affermare nuovi modelli di sviluppo. Le parole guida dell&#8217;associazione sono rappresentate da parole [&hellip;]<\/p>\n","protected":false},"author":1,"featured_media":0,"parent":0,"menu_order":0,"comment_status":"closed","ping_status":"closed","template":"","meta":{"footnotes":""},"class_list":["post-122","page","type-page","status-publish","hentry"],"_links":{"self":[{"href":"https:\/\/associazioneplurale.it\/index.php\/wp-json\/wp\/v2\/pages\/122","targetHints":{"allow":["GET"]}}],"collection":[{"href":"https:\/\/associazioneplurale.it\/index.php\/wp-json\/wp\/v2\/pages"}],"about":[{"href":"https:\/\/associazioneplurale.it\/index.php\/wp-json\/wp\/v2\/types\/page"}],"author":[{"embeddable":true,"href":"https:\/\/associazioneplurale.it\/index.php\/wp-json\/wp\/v2\/users\/1"}],"replies":[{"embeddable":true,"href":"https:\/\/associazioneplurale.it\/index.php\/wp-json\/wp\/v2\/comments?post=122"}],"version-history":[{"count":19,"href":"https:\/\/associazioneplurale.it\/index.php\/wp-json\/wp\/v2\/pages\/122\/revisions"}],"predecessor-version":[{"id":208,"href":"https:\/\/associazioneplurale.it\/index.php\/wp-json\/wp\/v2\/pages\/122\/revisions\/208"}],"wp:attachment":[{"href":"https:\/\/associazioneplurale.it\/index.php\/wp-json\/wp\/v2\/media?parent=122"}],"curies":[{"name":"wp","href":"https:\/\/api.w.org\/{rel}","templated":true}]}}