{"id":110,"date":"2025-09-16T01:33:52","date_gmt":"2025-09-16T01:33:52","guid":{"rendered":"https:\/\/associazioneplurale.it\/?page_id=110"},"modified":"2025-09-23T11:53:44","modified_gmt":"2025-09-23T11:53:44","slug":"chi-siamo","status":"publish","type":"page","link":"https:\/\/associazioneplurale.it\/index.php\/chi-siamo\/","title":{"rendered":"Chi siamo"},"content":{"rendered":"\t\t<div data-elementor-type=\"wp-page\" data-elementor-id=\"110\" class=\"elementor elementor-110\">\n\t\t\t\t<div class=\"elementor-element elementor-element-4155ee2 e-flex e-con-boxed e-con e-parent\" data-id=\"4155ee2\" data-element_type=\"container\">\n\t\t\t\t\t<div class=\"e-con-inner\">\n\t\t\t\t<div class=\"elementor-element elementor-element-8afb937 elementor-widget elementor-widget-heading\" data-id=\"8afb937\" data-element_type=\"widget\" data-widget_type=\"heading.default\">\n\t\t\t\t\t<h2 class=\"elementor-heading-title elementor-size-default\">Chi siamo<\/h2>\t\t\t\t<\/div>\n\t\t\t\t<div class=\"elementor-element elementor-element-668f4bf elementor-widget elementor-widget-text-editor\" data-id=\"668f4bf\" data-element_type=\"widget\" data-widget_type=\"text-editor.default\">\n\t\t\t\t\t\t\t\t\t<p>L&#8217;associazione Plurale nasce su iniziativa del regista <strong><span style=\"color: #ff9900;\">Stefano Di Polito<\/span><\/strong> con l&#8217;idea di contrastare le diseguaglianze sociali per garantire migliori condizioni di vita e pari opportunit\u00e0 a tutte e a tutti, in particolare alle fasce pi\u00f9 deboli della popolazione.<\/p><p>Unisce esperti di innovazione sociale che da oltre venti anni lavorano nei quartieri multiculturali e nelle periferie di Torino e che hanno esportato buone pratiche in Italia e in Europa.<\/p><p><strong><span style=\"color: #ff9900;\">L&#8217;associazione Plurale utilizza lo storytelling per coinvolgere direttamente le fasce pi\u00f9 deboli e meno rappresentate e per creare nuovi immaginari utili alla costruzione di una societ\u00e0 plurale.<\/span><\/strong><\/p><p>L&#8217;associazione Plurale \u00e8 aperta a chiunque condivida i suoi valori e le finalit\u00e0 delle sue azioni, tra i soci sono presenti <strong><span style=\"color: #ff9900;\">Maali Atila Salih<\/span><\/strong> attivista per i diritti delle nuove generazioni di italiani, <strong><span style=\"color: #ff9900;\">Maria Sanchez Guardia<\/span><\/strong>, avvocata e esperta di politiche per la parit\u00e0 di genere, <strong><span style=\"color: #ff9900;\">Giuseppe Bisceglia<\/span><\/strong>, regista e autore di progetti culturali su temi legati ai cambiamenti della societ\u00e0, <span style=\"color: #ff9900;\"><strong>Andrea Alario<\/strong><span style=\"color: #000000;\">,<\/span><\/span> insegnante nelle scuole dell&#8217;obbligo ed esperto di inclusione scolastica, <span style=\"color: #ff9900;\"><strong>Gianluca Gobbi<\/strong><\/span>, esperto giornalista, docente e autore di programmi radio e podcast di informazione su politica e innovazione sociale, <span style=\"color: #ff9900;\"><strong>Armando Borrelli<\/strong><span style=\"color: #000000;\">,<\/span><\/span> ideatore di progetti artistici legati alla salute e alla disabilit\u00e0, <strong><span style=\"color: #ff9900;\">Rub\u00e9n Hern\u00e1ndez S\u00e1nchez<\/span><\/strong>, attivista politico impegnto in progetti europei per le nuove generazioni.<\/p><p>Per richiedere l&#8217;adesione all&#8217;associazione Plurale puoi scrivere a <span style=\"color: #ff9900;\"><strong>associazioneplurale@gmail.com<\/strong><\/span><\/p>\t\t\t\t\t\t\t\t<\/div>\n\t\t\t\t\t<\/div>\n\t\t\t\t<\/div>\n\t\t\t\t<\/div>\n\t\t","protected":false},"excerpt":{"rendered":"<p>Chi siamo L&#8217;associazione Plurale nasce su iniziativa del regista Stefano Di Polito con l&#8217;idea di contrastare le diseguaglianze sociali per garantire migliori condizioni di vita e pari opportunit\u00e0 a tutte e a tutti, in particolare alle fasce pi\u00f9 deboli della popolazione. Unisce esperti di innovazione sociale che da oltre venti anni lavorano nei quartieri multiculturali [&hellip;]<\/p>\n","protected":false},"author":1,"featured_media":0,"parent":0,"menu_order":0,"comment_status":"closed","ping_status":"closed","template":"","meta":{"footnotes":""},"class_list":["post-110","page","type-page","status-publish","hentry"],"_links":{"self":[{"href":"https:\/\/associazioneplurale.it\/index.php\/wp-json\/wp\/v2\/pages\/110","targetHints":{"allow":["GET"]}}],"collection":[{"href":"https:\/\/associazioneplurale.it\/index.php\/wp-json\/wp\/v2\/pages"}],"about":[{"href":"https:\/\/associazioneplurale.it\/index.php\/wp-json\/wp\/v2\/types\/page"}],"author":[{"embeddable":true,"href":"https:\/\/associazioneplurale.it\/index.php\/wp-json\/wp\/v2\/users\/1"}],"replies":[{"embeddable":true,"href":"https:\/\/associazioneplurale.it\/index.php\/wp-json\/wp\/v2\/comments?post=110"}],"version-history":[{"count":26,"href":"https:\/\/associazioneplurale.it\/index.php\/wp-json\/wp\/v2\/pages\/110\/revisions"}],"predecessor-version":[{"id":193,"href":"https:\/\/associazioneplurale.it\/index.php\/wp-json\/wp\/v2\/pages\/110\/revisions\/193"}],"wp:attachment":[{"href":"https:\/\/associazioneplurale.it\/index.php\/wp-json\/wp\/v2\/media?parent=110"}],"curies":[{"name":"wp","href":"https:\/\/api.w.org\/{rel}","templated":true}]}}